{"id":2363,"date":"2025-06-07T12:40:07","date_gmt":"2025-06-07T10:40:07","guid":{"rendered":"https:\/\/subseaoiltools.com\/?page_id=2363"},"modified":"2025-06-16T18:31:08","modified_gmt":"2025-06-16T16:31:08","slug":"conditions-dutilisation","status":"publish","type":"page","link":"https:\/\/subseaoiltools.com\/fr\/conditions-dutilisation\/","title":{"rendered":"Conditions d'utilisation"},"content":{"rendered":"<section class=\"wp-block-group alignfull has-background\" style=\"background:radial-gradient(rgb(254,254,255) 0%,rgba(67,76,181,0.16) 100%)\"><div class=\"wp-block-group__inner-container is-layout-constrained wp-block-group-is-layout-constrained\">\n<div class=\"wp-block-essential-blocks-wrapper  root-eb-wrapper-e1qbt\"><div class=\"eb-parent-wrapper eb-parent-eb-wrapper-e1qbt\"><div class=\"eb-wrapper-outer eb-wrapper-e1qbt\"><div class=\"eb-wrapper-inner\"><div class=\"eb-wrapper-inner-blocks eb-wrapper-align-center\">\n<div class=\"wp-block-group is-div-rounded has-background\" style=\"background:radial-gradient(rgba(255,255,255,0) 0%,rgba(255,255,255,0.54) 100%)\" data-no-auto-translation=\"\"><div class=\"wp-block-group__inner-container is-layout-constrained wp-block-group-is-layout-constrained\">\n<h1>TERMS OF USE<\/h1>\n        <p><strong>Effective Date:<\/strong> June 16, 2025<br>\n        <strong>Last Updated:<\/strong> June 16, 2025<\/p>\n\n        <h2>Welcome to Subsea Oiltools<\/h2>\n        <p>These Terms of Use (&#8220;Terms&#8221;) govern your access to and use of <a href=\"https:\/\/subseaoiltools.com\/fr\/\">subseaoiltools.com<\/a>, including any content, functionality, and services offered on or through the Website (the &#8220;Service&#8221;). Please read the Terms carefully before using the Service.<\/p>\n        <p>By accessing or using the Service, you agree to be bound by these Terms. If you disagree with any part of the Terms, you may not access the Service.<\/p>\n\n        <h2>1. Acceptance of Terms<\/h2>\n        <p>Your access to and use of the Service is conditioned on your acceptance of and compliance with these Terms. These Terms apply to all visitors, users, and others who access or use the Service.<\/p>\n\n        <h2>2. Use of the Service<\/h2>\n        <p>The Service is intended for users who are at least 18 years old. By using the Service, you represent and warrant that you are at least 18 years old and have the legal capacity to enter into these Terms.<\/p>\n        <p>You may use the Service only for lawful purposes and in accordance with these Terms. You agree not to use the Service for any illegal or unauthorized purpose.<\/p>\n\n        <h2>3. User Accounts<\/h2>\n        <p>If you create an account on the Service, you are responsible for maintaining the confidentiality of your account and password and for restricting access to your computer. You agree to accept responsibility for all activities that occur under your account or password.<\/p>\n        <p>You agree to provide true, accurate, current, and complete information when creating an account and to update such information to keep it current.<\/p>\n\n        <h2>4. Intellectual Property<\/h2>\n        <p>The Service and its entire contents, features, and functionality (including but not limited to all information, software, text, displays, images, video, and audio, and the design, selection, and arrangement thereof) are owned by Subsea Oiltools, its licensors, or other providers of such material. These are protected by United States and international copyright, trademark, patent, trade secret, and other intellectual property or proprietary rights laws.<\/p>\n\n        <h2>5. User Content<\/h2>\n        <p>Our Service allows you to post, link, store, share, and otherwise make available certain information, text, graphics, videos, or other material (&#8220;User Content&#8221;). You are responsible for the User Content that you post to the Service.<\/p>\n        <p>By using the Service, you grant us a non-exclusive, royalty-free, perpetual, irrevocable, and fully sublicensable right to use, reproduce, modify, adapt, publish, translate, create derivative works from, distribute, and display such User Content throughout the world in any media.<\/p>\n\n        <h2>6. Prohibited Activities<\/h2>\n        <p>You may not access or use the Service for any purpose other than that for which we make the Service available. The Service may not be used in connection with any commercial endeavors except those that are specifically endorsed or approved by us.<\/p>\n        <p>As a user of the Service, you agree not to:<\/p>\n        <ul>\n            <li>Systematically retrieve data or other content from the Service to create or compile, directly or indirectly, a collection, compilation, database, or directory without written permission from us.<\/li>\n            <li>Make any unauthorized use of the Service, including collecting usernames and\/or email addresses of users by electronic or other means for the purpose of sending unsolicited email, or creating user accounts by automated means or under false pretenses.<\/li>\n            <li>Use the Service to advertise or offer to sell goods and services.<\/li>\n            <li>Circumvent, disable, or otherwise interfere with security-related features of the Service, including features that prevent or restrict the use or copying of any Content or enforce limitations on the use of the Service or the Content contained therein.<\/li>\n        <\/ul>\n\n        <h2>7. Termination<\/h2>\n        <p>We may terminate or suspend your account and bar access to the Service immediately, without prior notice or liability, for any reason whatsoever, including, without limitation, if you breach these Terms.<\/p>\n\n        <h2>8. Disclaimer of Warranties<\/h2>\n        <p>The Service is provided on an &#8220;AS IS&#8221; and &#8220;AS AVAILABLE&#8221; basis. Use of the Service is at your own risk. The Service is provided without warranties of any kind, whether express or implied, including, but not limited to, implied warranties of merchantability, fitness for a particular purpose, non-infringement, or course of performance.<\/p>\n\n        <h2>9. Limitation of Liability<\/h2>\n        <p>In no event shall Subsea Oiltools, nor its directors, employees, partners, agents, suppliers, or affiliates, be liable for any indirect, incidental, special, consequential, or punitive damages, including without limitation, loss of profits, data, use, goodwill, or other intangible losses, resulting from:<\/p>\n        <ul>\n            <li>Your access to or use of or inability to access or use the Service;<\/li>\n            <li>Any conduct or content of any third party on the Service;<\/li>\n            <li>Any content obtained from the Service;<\/li>\n            <li>Unauthorized access, use, or alteration of your transmissions or content;<\/li>\n        <\/ul>\n        <p>This limitation applies whether based on warranty, contract, tort (including negligence), or any other legal theory, whether or not we have been informed of the possibility of such damage, and even if a remedy set forth herein is found to have failed its essential purpose.<\/p>\n\n        <h2>10. Indemnification<\/h2>\n        <p>You agree to indemnify and hold Subsea Oiltools and its subsidiaries, affiliates, officers, agents, employees, partners, and licensors harmless from any claim or demand, including reasonable attorneys&#8217; fees, made by any third party due to or arising out of:<\/p>\n        <ul>\n            <li>Your Content;<\/li>\n            <li>Your use of the Service;<\/li>\n            <li>Your breach of these Terms;<\/li>\n            <li>Your violation of any law or the rights of a third party.<\/li>\n        <\/ul>\n\n        <h2>11. Governing Law<\/h2>\n        <p>These Terms shall be governed by and construed in accordance with the laws of France, without regard to its conflict of law provisions.<\/p>\n\n        <h2>12. Changes to Terms<\/h2>\n        <p>We reserve the right, at our sole discretion, to modify or replace these Terms at any time. If a revision is material, we will try to provide at least 180 days&#8217; notice prior to any new terms taking effect. What constitutes a material change will be determined at our sole discretion.<\/p>\n        <p>By continuing to access or use our Service after those revisions become effective, you agree to be bound by the revised terms. If you do not agree to the new terms, please stop using the Service.<\/p>\n\n        <h2>13. Contact Us<\/h2>\n        <p>If you have any questions about these Terms, please contact us at:<\/p>\n        <p><strong>Subsea Oiltools<\/strong><br>\n        5 Rue Fenelon<br>\n        Bordeaux 33000, France<br>\n        Email: <a href=\"mailto:contact@subseaoiltools.com\">contact@subseaoiltools.com<\/a><br>\n        <\/p>\n<\/div><\/div>\n<\/div><\/div><\/div><\/div><\/div>\n<\/div><\/section>","protected":false},"excerpt":{"rendered":"","protected":false},"author":266236769,"featured_media":0,"parent":0,"menu_order":0,"comment_status":"closed","ping_status":"closed","template":"","meta":{"_eb_attr":"","_crdt_document":"","advanced_seo_description":"","jetpack_seo_html_title":"","jetpack_seo_noindex":false,"footnotes":""},"class_list":["post-2363","page","type-page","status-publish","hentry"],"jetpack_likes_enabled":true,"jetpack_sharing_enabled":true,"jetpack_shortlink":"https:\/\/wp.me\/PeJ8gP-C7","jetpack-related-posts":[{"id":332,"url":"https:\/\/subseaoiltools.com\/fr\/","url_meta":{"origin":2363,"position":0},"title":"Accueil","author":"ggarand","date":"22 mai 2025","format":false,"excerpt":"Pr\u00eat \u00e0 fournir des outils \u00e0 votre industrie R\u00e9soudre vos probl\u00e8mes avec des solutions pour les actifs topside et subsea. Plus de 20 ans d'expertise et de d\u00e9vouement aux industries offshore en tant qu'entrepreneur en approvisionnement. Une \u00e9quipe sp\u00e9cialis\u00e9e dans les \u00e9quipements sp\u00e9cifiques et la mobilisation intelligente.","rel":"","context":"Article similaire","block_context":{"text":"Article similaire","link":""},"img":{"alt_text":"","src":"https:\/\/i0.wp.com\/subseaoiltools.com\/wp-content\/uploads\/2024\/02\/23345891_bandeau-transparent.png?resize=350%2C200&ssl=1","width":350,"height":200,"srcset":"https:\/\/i0.wp.com\/subseaoiltools.com\/wp-content\/uploads\/2024\/02\/23345891_bandeau-transparent.png?resize=350%2C200&ssl=1 1x, https:\/\/i0.wp.com\/subseaoiltools.com\/wp-content\/uploads\/2024\/02\/23345891_bandeau-transparent.png?resize=525%2C300&ssl=1 1.5x, https:\/\/i0.wp.com\/subseaoiltools.com\/wp-content\/uploads\/2024\/02\/23345891_bandeau-transparent.png?resize=700%2C400&ssl=1 2x, https:\/\/i0.wp.com\/subseaoiltools.com\/wp-content\/uploads\/2024\/02\/23345891_bandeau-transparent.png?resize=1050%2C600&ssl=1 3x, https:\/\/i0.wp.com\/subseaoiltools.com\/wp-content\/uploads\/2024\/02\/23345891_bandeau-transparent.png?resize=1400%2C800&ssl=1 4x"},"classes":[]},{"id":847,"url":"https:\/\/subseaoiltools.com\/fr\/services\/","url_meta":{"origin":2363,"position":1},"title":"Services","author":"ggarand","date":"23 mai 2025","format":false,"excerpt":"L'excellence b\u00e2tie sur plus de 20 ans d'exp\u00e9rience CENTRE D'ACHAT SUBCONTRACT INTERNATIONALLOGISTIQUE Centre d'achat Au sein de notre portefeuille de plus de 400 fournisseurs ax\u00e9s sur l'industrie O&amp;G, plus de 50 sont des leaders mondiaux de l'industrie et sont certifi\u00e9s ISO, API, DNV, IMCA, IATA, etc. Subsea Oiltools reste votre unique point de contact, depuis la demande de mat\u00e9riel...","rel":"","context":"Article similaire","block_context":{"text":"Article similaire","link":""},"img":{"alt_text":"","src":"https:\/\/i0.wp.com\/subseaoiltools.com\/wp-content\/uploads\/2025\/06\/quay-arrangement.jpg?resize=350%2C200&ssl=1","width":350,"height":200,"srcset":"https:\/\/i0.wp.com\/subseaoiltools.com\/wp-content\/uploads\/2025\/06\/quay-arrangement.jpg?resize=350%2C200&ssl=1 1x, https:\/\/i0.wp.com\/subseaoiltools.com\/wp-content\/uploads\/2025\/06\/quay-arrangement.jpg?resize=525%2C300&ssl=1 1.5x, https:\/\/i0.wp.com\/subseaoiltools.com\/wp-content\/uploads\/2025\/06\/quay-arrangement.jpg?resize=700%2C400&ssl=1 2x, https:\/\/i0.wp.com\/subseaoiltools.com\/wp-content\/uploads\/2025\/06\/quay-arrangement.jpg?resize=1050%2C600&ssl=1 3x, https:\/\/i0.wp.com\/subseaoiltools.com\/wp-content\/uploads\/2025\/06\/quay-arrangement.jpg?resize=1400%2C800&ssl=1 4x"},"classes":[]},{"id":2357,"url":"https:\/\/subseaoiltools.com\/fr\/politique-de-confidentialite\/","url_meta":{"origin":2363,"position":2},"title":"Politique de confidentialit\u00e9","author":"ggarand","date":"7 juin 2025","format":false,"excerpt":"POLITIQUE DE CONFIDENTIALIT\u00c9 Date d'entr\u00e9e en vigueur : 07-Jun-2025 Derni\u00e8re mise \u00e0 jour : 07-Jun-2025 Cette politique de confidentialit\u00e9 d\u00e9crit les politiques de Subsea Oiltools 5 Rue Fenelon, Bordeaux, 33000, France, email : contact@subseaoiltools.com, sur la collecte, l'utilisation et la divulgation de vos informations que nous collectons lorsque vous utilisez notre site web ( https:\/\/subseaoiltools.com ). (le \"Service\"). En acc\u00e9dant ou...","rel":"","context":"Article similaire","block_context":{"text":"Article similaire","link":""},"img":{"alt_text":"","src":"","width":0,"height":0},"classes":[]},{"id":2757,"url":"https:\/\/subseaoiltools.com\/fr\/politique-en-matiere-de-cookies\/","url_meta":{"origin":2363,"position":3},"title":"Politique en mati\u00e8re de cookies","author":"ggarand","date":"16 juin 2025","format":false,"excerpt":"POLITIQUE EN MATI\u00c8RE DE COOKIE Date d'entr\u00e9e en vigueur : 07-Jun-2025 Derni\u00e8re mise \u00e0 jour : 07-Jun-2025 Que sont les cookies ? Cette politique en mati\u00e8re de cookies explique ce que sont les cookies et comment nous les utilisons, les types de cookies que nous utilisons, c'est-\u00e0-dire les informations que nous collectons \u00e0 l'aide des cookies et la mani\u00e8re dont ces informations sont utilis\u00e9es, ainsi que la mani\u00e8re de g\u00e9rer les param\u00e8tres des cookies....","rel":"","context":"Article similaire","block_context":{"text":"Article similaire","link":""},"img":{"alt_text":"","src":"","width":0,"height":0},"classes":[]},{"id":284,"url":"https:\/\/subseaoiltools.com\/fr\/nous-contacter\/","url_meta":{"origin":2363,"position":4},"title":"Nous contacter","author":"ggarand","date":"5 mai 2025","format":false,"excerpt":"Solutions d'approvisionnement pour l'industrie offshore","rel":"","context":"Article similaire","block_context":{"text":"Article similaire","link":""},"img":{"alt_text":"","src":"https:\/\/i0.wp.com\/subseaoiltools.com\/wp-content\/uploads\/2023\/04\/23345891_transparent.png?resize=350%2C200&ssl=1","width":350,"height":200,"srcset":"https:\/\/i0.wp.com\/subseaoiltools.com\/wp-content\/uploads\/2023\/04\/23345891_transparent.png?resize=350%2C200&ssl=1 1x, https:\/\/i0.wp.com\/subseaoiltools.com\/wp-content\/uploads\/2023\/04\/23345891_transparent.png?resize=525%2C300&ssl=1 1.5x, https:\/\/i0.wp.com\/subseaoiltools.com\/wp-content\/uploads\/2023\/04\/23345891_transparent.png?resize=700%2C400&ssl=1 2x, https:\/\/i0.wp.com\/subseaoiltools.com\/wp-content\/uploads\/2023\/04\/23345891_transparent.png?resize=1050%2C600&ssl=1 3x, https:\/\/i0.wp.com\/subseaoiltools.com\/wp-content\/uploads\/2023\/04\/23345891_transparent.png?resize=1400%2C800&ssl=1 4x"},"classes":[]},{"id":771,"url":"https:\/\/subseaoiltools.com\/fr\/systeme-de-verrouillage-de-securite\/","url_meta":{"origin":2363,"position":5},"title":"Syst\u00e8me de verrouillage de s\u00e9curit\u00e9","author":"ggarand","date":"22 mai 2025","format":false,"excerpt":"Un outil critique pour un travail critique Brevet\u00e9 par STPNord Notre Safety Latch System est conforme aux directives de l'IMCAL'IMCA, l'International Marine Contractors Association, recommande d'utiliser des crochets ROV \u00e9quip\u00e9s de loquets de s\u00e9curit\u00e9 verrouillables dans ses directives, (Guidelines for Lifting Operations LR 006 SEL 019 D060 M187 dat\u00e9es de mars 2018,...","rel":"","context":"Article similaire","block_context":{"text":"Article similaire","link":""},"img":{"alt_text":"","src":"https:\/\/i0.wp.com\/subseaoiltools.com\/wp-content\/uploads\/2025\/05\/easy-to-use2.png?resize=350%2C200&ssl=1","width":350,"height":200},"classes":[]}],"_links":{"self":[{"href":"https:\/\/subseaoiltools.com\/fr\/wp-json\/wp\/v2\/pages\/2363","targetHints":{"allow":["GET"]}}],"collection":[{"href":"https:\/\/subseaoiltools.com\/fr\/wp-json\/wp\/v2\/pages"}],"about":[{"href":"https:\/\/subseaoiltools.com\/fr\/wp-json\/wp\/v2\/types\/page"}],"author":[{"embeddable":true,"href":"https:\/\/subseaoiltools.com\/fr\/wp-json\/wp\/v2\/users\/266236769"}],"replies":[{"embeddable":true,"href":"https:\/\/subseaoiltools.com\/fr\/wp-json\/wp\/v2\/comments?post=2363"}],"version-history":[{"count":7,"href":"https:\/\/subseaoiltools.com\/fr\/wp-json\/wp\/v2\/pages\/2363\/revisions"}],"predecessor-version":[{"id":2771,"href":"https:\/\/subseaoiltools.com\/fr\/wp-json\/wp\/v2\/pages\/2363\/revisions\/2771"}],"wp:attachment":[{"href":"https:\/\/subseaoiltools.com\/fr\/wp-json\/wp\/v2\/media?parent=2363"}],"curies":[{"name":"wp","href":"https:\/\/api.w.org\/{rel}","templated":true}]}}