{"id":284,"date":"2025-05-05T19:55:58","date_gmt":"2025-05-05T17:55:58","guid":{"rendered":"https:\/\/subseaoiltools.com\/?page_id=284"},"modified":"2025-06-12T23:45:59","modified_gmt":"2025-06-12T21:45:59","slug":"contactar-nos","status":"publish","type":"page","link":"https:\/\/subseaoiltools.com\/pt\/contactar-nos\/","title":{"rendered":"Contactar-nos"},"content":{"rendered":"<section class=\"wp-block-group alignfull has-background\" style=\"background:linear-gradient(0deg,rgb(255,255,255) 64%,rgba(67,71,181,0.07) 100%)\"><div class=\"wp-block-group__inner-container is-layout-constrained wp-block-group-is-layout-constrained\">\n<div class=\"wp-block-essential-blocks-wrapper  root-eb-wrapper-omt3k\"><div class=\"eb-parent-wrapper eb-parent-eb-wrapper-omt3k\"><div class=\"eb-wrapper-outer eb-wrapper-omt3k eb-wrapper-align-center\"><div class=\"eb-wrapper-inner\"><div class=\"eb-wrapper-inner-blocks\"><div class=\"wp-block-image\">\n<figure class=\"aligncenter size-full is-resized\"><img loading=\"lazy\" decoding=\"async\" width=\"2000\" height=\"1125\" data-attachment-id=\"293\" data-permalink=\"https:\/\/subseaoiltools.com\/pt\/23345891_transparent-2\/\" data-orig-file=\"https:\/\/subseaoiltools.com\/wp-content\/uploads\/2025\/05\/23345891_transparent-edited.png\" data-orig-size=\"2000,1125\" data-comments-opened=\"1\" data-image-meta=\"{&quot;aperture&quot;:&quot;0&quot;,&quot;credit&quot;:&quot;&quot;,&quot;camera&quot;:&quot;&quot;,&quot;caption&quot;:&quot;&quot;,&quot;created_timestamp&quot;:&quot;0&quot;,&quot;copyright&quot;:&quot;&quot;,&quot;focal_length&quot;:&quot;0&quot;,&quot;iso&quot;:&quot;0&quot;,&quot;shutter_speed&quot;:&quot;0&quot;,&quot;title&quot;:&quot;&quot;,&quot;orientation&quot;:&quot;0&quot;}\" data-image-title=\"23345891_transparent\" data-image-description=\"\" data-image-caption=\"\" data-large-file=\"https:\/\/subseaoiltools.com\/wp-content\/uploads\/2025\/05\/23345891_transparent-edited.png\" src=\"https:\/\/subseaoiltools.com\/wp-content\/uploads\/2025\/05\/23345891_transparent-edited.png\" alt=\"\" class=\"wp-image-293\" style=\"width:375px;height:auto\" srcset=\"https:\/\/subseaoiltools.com\/wp-content\/uploads\/2025\/05\/23345891_transparent-edited.png 2000w, https:\/\/subseaoiltools.com\/wp-content\/uploads\/2025\/05\/23345891_transparent-edited-1920x1080.png 1920w, https:\/\/subseaoiltools.com\/wp-content\/uploads\/2025\/05\/23345891_transparent-edited-768x432.png 768w, https:\/\/subseaoiltools.com\/wp-content\/uploads\/2025\/05\/23345891_transparent-edited-1536x864.png 1536w, https:\/\/subseaoiltools.com\/wp-content\/uploads\/2025\/05\/23345891_transparent-edited-300x169.png 300w, https:\/\/subseaoiltools.com\/wp-content\/uploads\/2025\/05\/23345891_transparent-edited-1200x675.png 1200w\" sizes=\"auto, (max-width: 2000px) 100vw, 2000px\" \/><\/figure>\n<\/div>\n\n\n<div class=\"wp-block-group\"><div class=\"wp-block-group__inner-container is-layout-constrained wp-block-group-is-layout-constrained\">\n<h1 class=\"wp-block-heading has-text-align-center has-text-color\" style=\"color:#595959;font-size:2.2rem\"><strong>Solu\u00e7\u00f5es de aprovisionamento para a ind\u00fastria offshore<\/strong><\/h1>\n\n\n\n<h2 class=\"wp-block-heading has-text-align-center has-text-color has-link-color wp-elements-bc3ffba39c47a17c2652cfb8f809b1ca\" style=\"color:#707070;font-size:1.2rem\"><br>Diga-nos o que procura e teremos todo o prazer em responder-lhe.<\/h2>\n\n\n\n<div style=\"height:60px\" aria-hidden=\"true\" class=\"wp-block-spacer\"><\/div>\n<\/div><\/div>\n\n\n\n<div class=\"wp-block-group\"><div class=\"wp-block-group__inner-container is-layout-constrained wp-block-group-is-layout-constrained\">\n<div class=\"wp-block-columns is-layout-flex wp-container-core-columns-is-layout-ebb87cbd wp-block-columns-is-layout-flex\">\n<div class=\"wp-block-column is-vertically-aligned-top is-layout-flow wp-block-column-is-layout-flow\" style=\"flex-basis:45%\">\n<div class=\"wp-block-group\"><div class=\"wp-block-group__inner-container is-layout-constrained wp-block-group-is-layout-constrained\"><div class=\"wp-block-jetpack-contact-form is-layout-flex wp-container-jetpack-contact-form-is-layout-7f6ac06e wp-block-jetpack-contact-form-is-layout-flex\"><a href=\"https:\/\/subseaoiltools.com\/pt\/contactar-nos\/\" target=\"_blank\" rel=\"noopener noreferrer\">Enviar um formul\u00e1rio.<\/a><\/div><\/div><\/div>\n<\/div>\n\n\n\n<div class=\"wp-block-column is-layout-flow wp-block-column-is-layout-flow\" style=\"flex-basis:10%\"><\/div>\n\n\n\n<div class=\"wp-block-column is-vertically-aligned-top is-layout-flow wp-block-column-is-layout-flow\" style=\"flex-basis:45%\">\n<div class=\"wp-block-group is-div-rounded has-background\" style=\"background:radial-gradient(rgb(255,255,255) 0%,rgba(67,76,181,0.16) 100%)\" data-no-auto-translation=\"\"><div class=\"wp-block-group__inner-container is-layout-constrained wp-block-group-is-layout-constrained\">\n<div class=\"wp-block-group is-centered is-div-rounded has-background\" style=\"background:radial-gradient(rgba(255,255,255,0.78) 1%,rgba(255,255,255,0.2) 100%)\" data-no-auto-translation=\"\"><div class=\"wp-block-group__inner-container is-layout-constrained wp-block-group-is-layout-constrained\">\n<div class=\"wp-block-essential-blocks-button  root-eb-button-afq39\"><div class=\"eb-parent-wrapper eb-parent-eb-button-afq39\"><div class=\"eb-button-wrapper eb-button-alignment eb-button-afq39\"><div class=\"eb-button\"><div class=\"eb-button-inner-wrapper\"><a class=\"eb-button-anchor\" href=\"https:\/\/subseaoiltools.com\/pt\/?qr-code=1942\" rel=\"noopener\"><i icon=\"fas fa-user-plus\" class=\"fas fa-user-plus eb-button-icon eb-button-icon-left hvr-icon\"><\/i><\/a><\/div><\/div><\/div><\/div><\/div>\n\n\n\n<p class=\"has-text-align-center has-text-color has-link-color wp-elements-05a974162af59c56f7bcf28e59ee40f9 wp-block-paragraph\" style=\"color:#444db6;font-size:1.2rem\"><strong>Add our contact<\/strong><\/p>\n<\/div><\/div>\n\n\n\n<div class=\"wp-block-group is-centered is-div-rounded has-background\" style=\"background:radial-gradient(rgba(255,255,255,0.78) 1%,rgba(255,255,255,0.2) 100%)\" data-no-auto-translation=\"\"><div class=\"wp-block-group__inner-container is-layout-constrained wp-block-group-is-layout-constrained\">\n<div class=\"wp-block-group is-centered\"><div class=\"wp-block-group__inner-container is-layout-constrained wp-block-group-is-layout-constrained\"><div class=\"qr-code-card qr-code-card-1942\">\n    <img decoding=\"async\" src=\"https:\/\/subseaoiltools.com\/wp-content\/uploads\/2025\/06\/qr-Yu0yFD.png\" alt=\"contact information in QR code\" title=\"contact information in QR code\"\/>\n<\/div>\n\n\n<\/div><\/div>\n\n\n\n<p class=\"has-text-align-center has-text-color has-link-color wp-elements-c93099378489fec63e128104cbdfadd3 wp-block-paragraph\" style=\"color:#444db6;font-size:1.2rem\"><strong>Scan our contact<\/strong><\/p>\n<\/div><\/div>\n<\/div><\/div>\n<\/div>\n<\/div>\n<\/div><\/div>\n<\/div><\/div><\/div><\/div><\/div>\n<\/div><\/section>","protected":false},"excerpt":{"rendered":"<p>Solu\u00e7\u00f5es de aprovisionamento para a ind\u00fastria offshore<\/p>","protected":false},"author":266236769,"featured_media":49,"parent":0,"menu_order":0,"comment_status":"closed","ping_status":"closed","template":"","meta":{"_eb_attr":"","_crdt_document":"","advanced_seo_description":"","jetpack_seo_html_title":"","jetpack_seo_noindex":false,"footnotes":""},"class_list":["post-284","page","type-page","status-publish","has-post-thumbnail","hentry"],"jetpack_likes_enabled":true,"jetpack_sharing_enabled":true,"jetpack_shortlink":"https:\/\/wp.me\/PeJ8gP-4A","jetpack-related-posts":[{"id":332,"url":"https:\/\/subseaoiltools.com\/pt\/","url_meta":{"origin":284,"position":0},"title":"In\u00edcio","author":"ggarand","date":"22 Maio 2025","format":false,"excerpt":"Pronto para fornecer as ferramentas da sua ind\u00fastria Resolva os seus problemas com solu\u00e7\u00f5es para activos de topside a subsea. Mais de 20 anos de experi\u00eancia e dedica\u00e7\u00e3o \u00e0 ind\u00fastria offshore como Procurement Contractor. Uma equipa focada em equipamentos espec\u00edficos e mobiliza\u00e7\u00e3o inteligente.","rel":"","context":"Post similar","block_context":{"text":"Post similar","link":""},"img":{"alt_text":"","src":"https:\/\/i0.wp.com\/subseaoiltools.com\/wp-content\/uploads\/2024\/02\/23345891_bandeau-transparent.png?resize=350%2C200&ssl=1","width":350,"height":200,"srcset":"https:\/\/i0.wp.com\/subseaoiltools.com\/wp-content\/uploads\/2024\/02\/23345891_bandeau-transparent.png?resize=350%2C200&ssl=1 1x, https:\/\/i0.wp.com\/subseaoiltools.com\/wp-content\/uploads\/2024\/02\/23345891_bandeau-transparent.png?resize=525%2C300&ssl=1 1.5x, https:\/\/i0.wp.com\/subseaoiltools.com\/wp-content\/uploads\/2024\/02\/23345891_bandeau-transparent.png?resize=700%2C400&ssl=1 2x, https:\/\/i0.wp.com\/subseaoiltools.com\/wp-content\/uploads\/2024\/02\/23345891_bandeau-transparent.png?resize=1050%2C600&ssl=1 3x, https:\/\/i0.wp.com\/subseaoiltools.com\/wp-content\/uploads\/2024\/02\/23345891_bandeau-transparent.png?resize=1400%2C800&ssl=1 4x"},"classes":[]},{"id":607,"url":"https:\/\/subseaoiltools.com\/pt\/sobre-nos\/","url_meta":{"origin":284,"position":1},"title":"Sobre n\u00f3s","author":"ggarand","date":"23 Maio 2025","format":false,"excerpt":"A Subsea Oiltools, sediada em Bord\u00e9us, Fran\u00e7a, \u00e9 especializada na gest\u00e3o da cadeia de fornecimento para EPCI e empreiteiros de perfura\u00e7\u00e3o em \u00c1frica, contando com mais de 20 anos de experi\u00eancia. A empresa fornece solu\u00e7\u00f5es de aquisi\u00e7\u00e3o personalizadas para projectos de petr\u00f3leo e g\u00e1s, apoiadas por uma equipa qualificada familiarizada com ambientes operacionais e regulamentos, garantindo efici\u00eancia e qualidade.","rel":"","context":"Post similar","block_context":{"text":"Post similar","link":""},"img":{"alt_text":"","src":"https:\/\/i0.wp.com\/subseaoiltools.com\/wp-content\/uploads\/2025\/06\/AEO-Certification-Logo-2048x1458-1.png?resize=350%2C200&ssl=1","width":350,"height":200,"srcset":"https:\/\/i0.wp.com\/subseaoiltools.com\/wp-content\/uploads\/2025\/06\/AEO-Certification-Logo-2048x1458-1.png?resize=350%2C200&ssl=1 1x, https:\/\/i0.wp.com\/subseaoiltools.com\/wp-content\/uploads\/2025\/06\/AEO-Certification-Logo-2048x1458-1.png?resize=525%2C300&ssl=1 1.5x, https:\/\/i0.wp.com\/subseaoiltools.com\/wp-content\/uploads\/2025\/06\/AEO-Certification-Logo-2048x1458-1.png?resize=700%2C400&ssl=1 2x, https:\/\/i0.wp.com\/subseaoiltools.com\/wp-content\/uploads\/2025\/06\/AEO-Certification-Logo-2048x1458-1.png?resize=1050%2C600&ssl=1 3x, https:\/\/i0.wp.com\/subseaoiltools.com\/wp-content\/uploads\/2025\/06\/AEO-Certification-Logo-2048x1458-1.png?resize=1400%2C800&ssl=1 4x"},"classes":[]},{"id":847,"url":"https:\/\/subseaoiltools.com\/pt\/servicos\/","url_meta":{"origin":284,"position":2},"title":"Servi\u00e7os","author":"ggarand","date":"23 Maio 2025","format":false,"excerpt":"Excel\u00eancia constru\u00edda a partir de mais de 20 anos de experi\u00eancia CENTRO DE COMPRAS SUBCONTRATO INTERNACIONALLOG\u00cdSTICA Centro de Compras Dentro do nosso portf\u00f3lio de mais de 400 fornecedores focados na ind\u00fastria de O&amp;G, mais de 50 s\u00e3o l\u00edderes globais da ind\u00fastria e certificados ISO, API, DNV, IMCA, IATA, etc. A Subsea Oiltools continua a ser o seu \u00fanico ponto de contacto, desde a requisi\u00e7\u00e3o de material...","rel":"","context":"Post similar","block_context":{"text":"Post similar","link":""},"img":{"alt_text":"","src":"https:\/\/i0.wp.com\/subseaoiltools.com\/wp-content\/uploads\/2025\/06\/quay-arrangement.jpg?resize=350%2C200&ssl=1","width":350,"height":200,"srcset":"https:\/\/i0.wp.com\/subseaoiltools.com\/wp-content\/uploads\/2025\/06\/quay-arrangement.jpg?resize=350%2C200&ssl=1 1x, https:\/\/i0.wp.com\/subseaoiltools.com\/wp-content\/uploads\/2025\/06\/quay-arrangement.jpg?resize=525%2C300&ssl=1 1.5x, https:\/\/i0.wp.com\/subseaoiltools.com\/wp-content\/uploads\/2025\/06\/quay-arrangement.jpg?resize=700%2C400&ssl=1 2x, https:\/\/i0.wp.com\/subseaoiltools.com\/wp-content\/uploads\/2025\/06\/quay-arrangement.jpg?resize=1050%2C600&ssl=1 3x, https:\/\/i0.wp.com\/subseaoiltools.com\/wp-content\/uploads\/2025\/06\/quay-arrangement.jpg?resize=1400%2C800&ssl=1 4x"},"classes":[]},{"id":2357,"url":"https:\/\/subseaoiltools.com\/pt\/politica-de-privacidade\/","url_meta":{"origin":284,"position":3},"title":"Pol\u00edtica de privacidade","author":"ggarand","date":"7 Junho 2025","format":false,"excerpt":"PRIVACY POLICY Effective Date: 07-Jun-2025 Last Updated: 07-Jun-2025 This Privacy Policy describes the policies of Subsea Oiltools 5 Rue Fenelon, Bordeaux, 33000, France, email: contact@subseaoiltools.com, on the collection, use and disclosure of your information that we collect when you use our website ( https:\/\/subseaoiltools.com ). (the \u201cService\u201d). By accessing or\u2026","rel":"","context":"Post similar","block_context":{"text":"Post similar","link":""},"img":{"alt_text":"","src":"","width":0,"height":0},"classes":[]},{"id":2363,"url":"https:\/\/subseaoiltools.com\/pt\/termos-de-utilizacao\/","url_meta":{"origin":284,"position":4},"title":"Termos de utiliza\u00e7\u00e3o","author":"ggarand","date":"7 Junho 2025","format":false,"excerpt":"TERMS OF USE Effective Date: June 16, 2025 Last Updated: June 16, 2025 Welcome to Subsea Oiltools These Terms of Use (\"Terms\") govern your access to and use of subseaoiltools.com, including any content, functionality, and services offered on or through the Website (the \"Service\"). Please read the Terms carefully before\u2026","rel":"","context":"Post similar","block_context":{"text":"Post similar","link":""},"img":{"alt_text":"","src":"","width":0,"height":0},"classes":[]},{"id":1004,"url":"https:\/\/subseaoiltools.com\/pt\/equipamentos\/","url_meta":{"origin":284,"position":5},"title":"Equipamentos","author":"ggarand","date":"24 Maio 2025","format":false,"excerpt":"A publica\u00e7\u00e3o apresenta em pormenor as gamas de equipamento oferecidas para v\u00e1rias opera\u00e7\u00f5es, incluindo os spreads de equipamento EPCI para coloca\u00e7\u00e3o de tubos, coloca\u00e7\u00e3o de cabos e tarefas submarinas. Destaca tamb\u00e9m o apoio a diferentes plataformas de perfura\u00e7\u00e3o e inclui consum\u00edveis e ferramentas. Para requisitos espec\u00edficos, os leitores s\u00e3o encorajados a entrar em contacto para mais informa\u00e7\u00f5es.","rel":"","context":"Post similar","block_context":{"text":"Post similar","link":""},"img":{"alt_text":"","src":"https:\/\/i0.wp.com\/subseaoiltools.com\/wp-content\/uploads\/2025\/06\/C6E3DF3F-235C-470E-9B30-7AB76AE64389_1_105_c.jpeg?resize=350%2C200&ssl=1","width":350,"height":200,"srcset":"https:\/\/i0.wp.com\/subseaoiltools.com\/wp-content\/uploads\/2025\/06\/C6E3DF3F-235C-470E-9B30-7AB76AE64389_1_105_c.jpeg?resize=350%2C200&ssl=1 1x, https:\/\/i0.wp.com\/subseaoiltools.com\/wp-content\/uploads\/2025\/06\/C6E3DF3F-235C-470E-9B30-7AB76AE64389_1_105_c.jpeg?resize=525%2C300&ssl=1 1.5x, https:\/\/i0.wp.com\/subseaoiltools.com\/wp-content\/uploads\/2025\/06\/C6E3DF3F-235C-470E-9B30-7AB76AE64389_1_105_c.jpeg?resize=700%2C400&ssl=1 2x, https:\/\/i0.wp.com\/subseaoiltools.com\/wp-content\/uploads\/2025\/06\/C6E3DF3F-235C-470E-9B30-7AB76AE64389_1_105_c.jpeg?resize=1050%2C600&ssl=1 3x, https:\/\/i0.wp.com\/subseaoiltools.com\/wp-content\/uploads\/2025\/06\/C6E3DF3F-235C-470E-9B30-7AB76AE64389_1_105_c.jpeg?resize=1400%2C800&ssl=1 4x"},"classes":[]}],"_links":{"self":[{"href":"https:\/\/subseaoiltools.com\/pt\/wp-json\/wp\/v2\/pages\/284","targetHints":{"allow":["GET"]}}],"collection":[{"href":"https:\/\/subseaoiltools.com\/pt\/wp-json\/wp\/v2\/pages"}],"about":[{"href":"https:\/\/subseaoiltools.com\/pt\/wp-json\/wp\/v2\/types\/page"}],"author":[{"embeddable":true,"href":"https:\/\/subseaoiltools.com\/pt\/wp-json\/wp\/v2\/users\/266236769"}],"replies":[{"embeddable":true,"href":"https:\/\/subseaoiltools.com\/pt\/wp-json\/wp\/v2\/comments?post=284"}],"version-history":[{"count":89,"href":"https:\/\/subseaoiltools.com\/pt\/wp-json\/wp\/v2\/pages\/284\/revisions"}],"predecessor-version":[{"id":2790,"href":"https:\/\/subseaoiltools.com\/pt\/wp-json\/wp\/v2\/pages\/284\/revisions\/2790"}],"wp:featuredmedia":[{"embeddable":true,"href":"https:\/\/subseaoiltools.com\/pt\/wp-json\/wp\/v2\/media\/49"}],"wp:attachment":[{"href":"https:\/\/subseaoiltools.com\/pt\/wp-json\/wp\/v2\/media?parent=284"}],"curies":[{"name":"wp","href":"https:\/\/api.w.org\/{rel}","templated":true}]}}